{"id":27,"date":"2022-07-31T10:58:29","date_gmt":"2022-07-31T10:58:29","guid":{"rendered":"http:\/\/frisch-begleitet.de\/?page_id=27"},"modified":"2022-07-31T11:17:39","modified_gmt":"2022-07-31T11:17:39","slug":"trauerbegleitung","status":"publish","type":"page","link":"https:\/\/frisch-begleitet.de\/?page_id=27","title":{"rendered":"Trauerbegleitung"},"content":{"rendered":"\n<p>Eine Trauerbegleitung kann dann hilfreich sein, wenn Sie Unsicherheit im Umgang mit der Trauer versp\u00fcren. Egal, ob Sie einen nahestehenden, lieben Menschen oder ein Tier verloren haben, ob es um Ihre eigene Trauer oder die Trauer eines Angeh\u00f6rigen oder Freundes geht.<\/p>\n\n\n\n<p>Ich freue mich, von Ihnen zu h\u00f6ren. <\/p>\n\n\n\n<p><\/p>\n\n\n\n<p><\/p>\n\n\n\n<blockquote class=\"wp-block-quote\"><p>Alles was wir lieben, tragen wir in unseren Herzen &#8211; und wenn wir etwas verlieren, was wir in unserem Herzen getragen haben, entsteht dadurch eine tiefe Traurigkeit.<\/p><cite>Mechthild Schroeter-Rupieper<\/cite><\/blockquote>\n\n\n\n<h2>Art &amp; Weise der Trauerbegleitung<\/h2>\n\n\n\n<p>Bitte nehmen Sie ganz unverbindlich mit mir Kontakt auf. Bei einem Erstgespr\u00e4ch erz\u00e4hlen Sie mir von Ihrer Geschichte, Ihren \u00c4ngsten und Gedanken. Gemeinsam \u00fcberlegen wir, ob eine Einzelbegleitung oder die Weitervermittlung das Richtige ist.<\/p>\n\n\n\n<p>Einzelbegleitungen dauern in der Regel 1 &#8211; 1,5 Stunden und werden auf Honorarbasis abgerechnet. <br>Termine vereinbaren wir nach Ihrem Bedarf.  <\/p>\n","protected":false},"excerpt":{"rendered":"<p>Eine Trauerbegleitung kann dann hilfreich sein, wenn Sie Unsicherheit im Umgang mit der Trauer versp\u00fcren. Egal, ob Sie einen nahestehenden, lieben Menschen oder ein Tier verloren haben, ob es um [&hellip;]<\/p>\n","protected":false},"author":1,"featured_media":0,"parent":0,"menu_order":0,"comment_status":"closed","ping_status":"closed","template":"","meta":[],"_links":{"self":[{"href":"https:\/\/frisch-begleitet.de\/index.php?rest_route=\/wp\/v2\/pages\/27"}],"collection":[{"href":"https:\/\/frisch-begleitet.de\/index.php?rest_route=\/wp\/v2\/pages"}],"about":[{"href":"https:\/\/frisch-begleitet.de\/index.php?rest_route=\/wp\/v2\/types\/page"}],"author":[{"embeddable":true,"href":"https:\/\/frisch-begleitet.de\/index.php?rest_route=\/wp\/v2\/users\/1"}],"replies":[{"embeddable":true,"href":"https:\/\/frisch-begleitet.de\/index.php?rest_route=%2Fwp%2Fv2%2Fcomments&post=27"}],"version-history":[{"count":2,"href":"https:\/\/frisch-begleitet.de\/index.php?rest_route=\/wp\/v2\/pages\/27\/revisions"}],"predecessor-version":[{"id":70,"href":"https:\/\/frisch-begleitet.de\/index.php?rest_route=\/wp\/v2\/pages\/27\/revisions\/70"}],"wp:attachment":[{"href":"https:\/\/frisch-begleitet.de\/index.php?rest_route=%2Fwp%2Fv2%2Fmedia&parent=27"}],"curies":[{"name":"wp","href":"https:\/\/api.w.org\/{rel}","templated":true}]}}