{"id":30,"date":"2022-07-31T10:58:29","date_gmt":"2022-07-31T10:58:29","guid":{"rendered":"http:\/\/frisch-begleitet.de\/?page_id=30"},"modified":"2022-11-22T19:42:20","modified_gmt":"2022-11-22T19:42:20","slug":"trauerrede","status":"publish","type":"page","link":"https:\/\/frisch-begleitet.de\/?page_id=30","title":{"rendered":"Trauerrede"},"content":{"rendered":"\n<p>Als Freie Rednerin durfte ich schon einigen Menschen die letzte Ehre erweisen und ihnen durch eine w\u00fcrdevolle Rede einen sch\u00f6nen Abschied aus dieser Welt erm\u00f6glichen.<\/p>\n\n\n\n<p>Mir ist es dabei wichtig, zu vermitteln, wer die verstorbene Person war. Was war so besonders an ihr, an was wollen wir uns k\u00fcnftig erinnern? Denn Erinnerungen helfen den Angeh\u00f6rigen durch die Zeit der Trauer.<\/p>\n\n\n\n<p>Sie k\u00f6nnen mir gerne eine Email schreiben, um mit mir in Kontakt zu treten.<br>Ich werde mich dann mit Ihnen in Verbindung setzten.<\/p>\n\n\n\n<figure class=\"wp-block-image size-large\"><img loading=\"lazy\" width=\"768\" height=\"1024\" src=\"http:\/\/frisch-begleitet.de\/wp-content\/uploads\/2022\/11\/9BE841F0-3811-4DD1-99EC-A007E6F77D5A-768x1024.jpeg\" alt=\"\" class=\"wp-image-105\" srcset=\"https:\/\/frisch-begleitet.de\/wp-content\/uploads\/2022\/11\/9BE841F0-3811-4DD1-99EC-A007E6F77D5A-768x1024.jpeg 768w, https:\/\/frisch-begleitet.de\/wp-content\/uploads\/2022\/11\/9BE841F0-3811-4DD1-99EC-A007E6F77D5A-225x300.jpeg 225w, https:\/\/frisch-begleitet.de\/wp-content\/uploads\/2022\/11\/9BE841F0-3811-4DD1-99EC-A007E6F77D5A-1152x1536.jpeg 1152w, https:\/\/frisch-begleitet.de\/wp-content\/uploads\/2022\/11\/9BE841F0-3811-4DD1-99EC-A007E6F77D5A-1536x2048.jpeg 1536w, https:\/\/frisch-begleitet.de\/wp-content\/uploads\/2022\/11\/9BE841F0-3811-4DD1-99EC-A007E6F77D5A-scaled.jpeg 1920w\" sizes=\"(max-width: 768px) 100vw, 768px\" \/><\/figure>\n","protected":false},"excerpt":{"rendered":"<p>Als Freie Rednerin durfte ich schon einigen Menschen die letzte Ehre erweisen und ihnen durch eine w\u00fcrdevolle Rede einen sch\u00f6nen Abschied aus dieser Welt erm\u00f6glichen. Mir ist es dabei wichtig, [&hellip;]<\/p>\n","protected":false},"author":1,"featured_media":0,"parent":0,"menu_order":0,"comment_status":"closed","ping_status":"closed","template":"","meta":[],"_links":{"self":[{"href":"https:\/\/frisch-begleitet.de\/index.php?rest_route=\/wp\/v2\/pages\/30"}],"collection":[{"href":"https:\/\/frisch-begleitet.de\/index.php?rest_route=\/wp\/v2\/pages"}],"about":[{"href":"https:\/\/frisch-begleitet.de\/index.php?rest_route=\/wp\/v2\/types\/page"}],"author":[{"embeddable":true,"href":"https:\/\/frisch-begleitet.de\/index.php?rest_route=\/wp\/v2\/users\/1"}],"replies":[{"embeddable":true,"href":"https:\/\/frisch-begleitet.de\/index.php?rest_route=%2Fwp%2Fv2%2Fcomments&post=30"}],"version-history":[{"count":3,"href":"https:\/\/frisch-begleitet.de\/index.php?rest_route=\/wp\/v2\/pages\/30\/revisions"}],"predecessor-version":[{"id":107,"href":"https:\/\/frisch-begleitet.de\/index.php?rest_route=\/wp\/v2\/pages\/30\/revisions\/107"}],"wp:attachment":[{"href":"https:\/\/frisch-begleitet.de\/index.php?rest_route=%2Fwp%2Fv2%2Fmedia&parent=30"}],"curies":[{"name":"wp","href":"https:\/\/api.w.org\/{rel}","templated":true}]}}