{"id":31,"date":"2022-07-31T10:58:29","date_gmt":"2022-07-31T10:58:29","guid":{"rendered":"http:\/\/frisch-begleitet.de\/?page_id=31"},"modified":"2022-07-31T11:30:23","modified_gmt":"2022-07-31T11:30:23","slug":"trauergruppe","status":"publish","type":"page","link":"https:\/\/frisch-begleitet.de\/?page_id=31","title":{"rendered":"Trauergruppe"},"content":{"rendered":"\n<p>Die Trauergruppe f\u00fcr Kinder- und Jugendliche befindet sich gerade im Aufbau.<\/p>\n\n\n\n<p>Wenn Sie f\u00fcr Ihr Kinder oder Ihren Teenager eine Trauergruppe in der N\u00e4he suche, melden Sie sich gern bei mir. <\/p>\n","protected":false},"excerpt":{"rendered":"<p>Die Trauergruppe f\u00fcr Kinder- und Jugendliche befindet sich gerade im Aufbau. Wenn Sie f\u00fcr Ihr Kinder oder Ihren Teenager eine Trauergruppe in der N\u00e4he suche, melden Sie sich gern bei [&hellip;]<\/p>\n","protected":false},"author":1,"featured_media":0,"parent":0,"menu_order":0,"comment_status":"closed","ping_status":"closed","template":"","meta":[],"_links":{"self":[{"href":"https:\/\/frisch-begleitet.de\/index.php?rest_route=\/wp\/v2\/pages\/31"}],"collection":[{"href":"https:\/\/frisch-begleitet.de\/index.php?rest_route=\/wp\/v2\/pages"}],"about":[{"href":"https:\/\/frisch-begleitet.de\/index.php?rest_route=\/wp\/v2\/types\/page"}],"author":[{"embeddable":true,"href":"https:\/\/frisch-begleitet.de\/index.php?rest_route=\/wp\/v2\/users\/1"}],"replies":[{"embeddable":true,"href":"https:\/\/frisch-begleitet.de\/index.php?rest_route=%2Fwp%2Fv2%2Fcomments&post=31"}],"version-history":[{"count":2,"href":"https:\/\/frisch-begleitet.de\/index.php?rest_route=\/wp\/v2\/pages\/31\/revisions"}],"predecessor-version":[{"id":74,"href":"https:\/\/frisch-begleitet.de\/index.php?rest_route=\/wp\/v2\/pages\/31\/revisions\/74"}],"wp:attachment":[{"href":"https:\/\/frisch-begleitet.de\/index.php?rest_route=%2Fwp%2Fv2%2Fmedia&parent=31"}],"curies":[{"name":"wp","href":"https:\/\/api.w.org\/{rel}","templated":true}]}}