{"id":32,"date":"2022-07-31T10:58:29","date_gmt":"2022-07-31T10:58:29","guid":{"rendered":"http:\/\/frisch-begleitet.de\/?page_id=32"},"modified":"2022-07-31T12:12:06","modified_gmt":"2022-07-31T12:12:06","slug":"workshops","status":"publish","type":"page","link":"https:\/\/frisch-begleitet.de\/?page_id=32","title":{"rendered":"Workshops"},"content":{"rendered":"\n<p>Haben Sie f\u00fcr sich privat oder Ihre Einrichtung Interesse an einem Workshop, freue ich mich \u00fcber Ihre Nachricht.<\/p>\n\n\n\n<p>M\u00f6gliche Themen:<\/p>\n\n\n\n<p>&#8222;Wer hilft mir, wenn ich traurig bin? &#8211; Wie wir Kinder beim Abschiednehmen und Trauern unterst\u00fctzen k\u00f6nnen&#8220;<br><br>Workshop f\u00fcr Erzieher:innen, Lehrer:innen, Vereine &amp; Institutionen<\/p>\n\n\n\n<p><\/p>\n\n\n\n<p>&#8222;Abschied, Tod und Trauer &#8211; kein Thema f\u00fcr (Schul-)Kinder?&#8220; <br><br>In zwei bis drei Unterrichtseinheiten spreche ich mit den Kindern \u00fcber Traurigkeit, Verlusterfahrungen und hilfreiche Kraftquellen.<\/p>\n\n\n\n<figure class=\"wp-block-image size-full\"><img src=\"http:\/\/frisch-begleitet.de\/wp-content\/uploads\/2022\/07\/C115FAF5-E35E-432C-A230-2C97F0B0E5B1_1_201_a.heic\" alt=\"\" class=\"wp-image-79\"\/><\/figure>\n\n\n\n<p>         <\/p>\n","protected":false},"excerpt":{"rendered":"<p>Haben Sie f\u00fcr sich privat oder Ihre Einrichtung Interesse an einem Workshop, freue ich mich \u00fcber Ihre Nachricht. M\u00f6gliche Themen: &#8222;Wer hilft mir, wenn ich traurig bin? &#8211; Wie wir [&hellip;]<\/p>\n","protected":false},"author":1,"featured_media":0,"parent":0,"menu_order":0,"comment_status":"closed","ping_status":"closed","template":"","meta":[],"_links":{"self":[{"href":"https:\/\/frisch-begleitet.de\/index.php?rest_route=\/wp\/v2\/pages\/32"}],"collection":[{"href":"https:\/\/frisch-begleitet.de\/index.php?rest_route=\/wp\/v2\/pages"}],"about":[{"href":"https:\/\/frisch-begleitet.de\/index.php?rest_route=\/wp\/v2\/types\/page"}],"author":[{"embeddable":true,"href":"https:\/\/frisch-begleitet.de\/index.php?rest_route=\/wp\/v2\/users\/1"}],"replies":[{"embeddable":true,"href":"https:\/\/frisch-begleitet.de\/index.php?rest_route=%2Fwp%2Fv2%2Fcomments&post=32"}],"version-history":[{"count":3,"href":"https:\/\/frisch-begleitet.de\/index.php?rest_route=\/wp\/v2\/pages\/32\/revisions"}],"predecessor-version":[{"id":80,"href":"https:\/\/frisch-begleitet.de\/index.php?rest_route=\/wp\/v2\/pages\/32\/revisions\/80"}],"wp:attachment":[{"href":"https:\/\/frisch-begleitet.de\/index.php?rest_route=%2Fwp%2Fv2%2Fmedia&parent=32"}],"curies":[{"name":"wp","href":"https:\/\/api.w.org\/{rel}","templated":true}]}}